{"id":3562,"date":"2024-02-07T16:55:18","date_gmt":"2024-02-07T15:55:18","guid":{"rendered":"https:\/\/staging.euphoria.nl\/?post_type=product&#038;p=3562"},"modified":"2024-02-07T16:57:00","modified_gmt":"2024-02-07T15:57:00","slug":"rape-huni-kuin-murici","status":"publish","type":"product","link":"https:\/\/euphoria.nl\/en\/product\/rape-huni-kuin-murici\/","title":{"rendered":"Rap\u00e9 Huni Kuin Murici"},"content":{"rendered":"<p>Rap\u00e9 (Ha-pay) for ceremonial use<\/p>\n<p><strong>What is rap\u00e9?<\/strong><br \/>\nRap\u00e9 is always made from tobacco leaves that are dried and ground. The plant, Nicotiana Rustica, naturally contains high levels of nicotine, up to 20x stronger than Nicotiana Tabacum. Due to the stimulating effect of nicotine, Rap\u00e9 will give an uplifting high. In addition, the different types of rap\u00e9 contain several other herbs and plants from the rainforest to enhance their effects. Rap\u00e9 has been used for decades by the indigenous tribes of South America who each grow their own varieties and consider the plant sacred. Different species are used for different purposes but the goal is always to get closer to nature. Rap\u00e9 is administered with a special pipe (kuripe or tepi) to another person or to yourself to enrich a psychedelic experience.<\/p>\n<p><strong>How do you use rap\u00e9?<\/strong><br \/>\nMany people think rap\u00e9 would be addictive because of the nicotine but because it is not processed with chemicals, like the additives in cigarettes, this is unfounded. Using Rape as a snuff is less stressful to the body than smoking the leaves. When the tobacco plants are harvested, the leaves are cut into pieces. The leaves are dried over a campfire and then ground into powder. This powder can be blown into the nose through the kuripe\/tepi. It is important to (have) the powder blown into both nostrils, this ensures that the energy flows are balanced. Choosing self-application gives more control over the experience but it can be difficult to do the 2nd nostril because of the intensity of the experience. Having someone else apply it can then be a good option!<\/p>\n<p><strong>What is the effect of Rap\u00e9?<\/strong><br \/>\nThe effect of rap\u00e9 is described differently by everyone. In this regard, the set and setting is often decisive. What we hear back a lot is that it produces an intense high that is liberating during a trip and that it is easier to release negative energy. Depending on the type of rap\u00e9, it can also be grounding and calming. The high concentration of nicotine in the mixture causes a stimulating effect and releases hormones such as adrenaline, acetylcholine and dopamine. This leads to increased clarity and increased awareness. If you are using rap\u00e9 for the first time, a pea-sized amount is sufficient; depending on the first experience, you may choose to use more.<\/p>\n<p><strong>Important information<\/strong><br \/>\nUnfortunately, using rap\u00e9 can also cause some side effects. It is important to be well informed about this so you &#8220;know what is involved&#8221; and what to expect. Because the powder is blown into the nose, you get a runny nose after application. This ensures a cleansed nose. It is important to stay well forward so that the mucus and powder do not run down the throat. Nausea also accompanies the use of a (higher) dose of rap\u00e9. The mind wants to cleanse the body and vomiting is 1 of the means for that. So there is no need to be worried about this, just well prepared. Like coffee and a cigarette, rap\u00e9 can have a stimulating effect on the bowels, make sure there is a toilet nearby!<\/p>\n","protected":false},"excerpt":{"rendered":"<p>This rap\u00e9 helps release negative emotions and energy, gives healing to body and mind, allows you to work purposefully on your personal development.<\/p>\n","protected":false},"featured_media":1686,"template":"","meta":[],"product_brand":[],"product_cat":[829],"product_tag":[676],"class_list":{"0":"post-3562","1":"product","2":"type-product","3":"status-publish","4":"has-post-thumbnail","6":"product_cat-rape-en","7":"product_tag-deze-rape-helpt-bij-het-loslaten-van-negatieve-emoties-geeft-energie-en-heling-aan-lichaam-en-geest","9":"first","10":"instock","11":"taxable","12":"shipping-taxable","13":"purchasable","14":"product-type-simple"},"yoast_head":"<!-- This site is optimized with the Yoast SEO plugin v27.3 - https:\/\/yoast.com\/product\/yoast-seo-wordpress\/ -->\n<title>Rap\u00e9 Huni Kuin Murici - Euphoria Smartshop<\/title>\n<meta name=\"robots\" content=\"index, follow, max-snippet:-1, max-image-preview:large, max-video-preview:-1\" \/>\n<link rel=\"canonical\" href=\"https:\/\/euphoria.nl\/en\/product\/rape-huni-kuin-murici\/\" \/>\n<meta property=\"og:locale\" content=\"en_US\" \/>\n<meta property=\"og:type\" content=\"article\" \/>\n<meta property=\"og:title\" content=\"Rap\u00e9 Huni Kuin Murici - Euphoria Smartshop\" \/>\n<meta property=\"og:description\" content=\"This rap\u00e9 helps release negative emotions and energy, gives healing to body and mind, allows you to work purposefully on your personal development.\" \/>\n<meta property=\"og:url\" content=\"https:\/\/euphoria.nl\/en\/product\/rape-huni-kuin-murici\/\" \/>\n<meta property=\"og:site_name\" content=\"Euphoria Smartshop\" \/>\n<meta property=\"article:modified_time\" content=\"2024-02-07T15:57:00+00:00\" \/>\n<meta property=\"og:image\" content=\"https:\/\/euphoria.nl\/wp-content\/uploads\/26-huni-kuin-murici-rape.jpg\" \/>\n\t<meta property=\"og:image:width\" content=\"370\" \/>\n\t<meta property=\"og:image:height\" content=\"370\" \/>\n\t<meta property=\"og:image:type\" content=\"image\/jpeg\" \/>\n<meta name=\"twitter:card\" content=\"summary_large_image\" \/>\n<meta name=\"twitter:label1\" content=\"Est. reading time\" \/>\n\t<meta name=\"twitter:data1\" content=\"3 minutes\" \/>\n<script type=\"application\/ld+json\" class=\"yoast-schema-graph\">{\"@context\":\"https:\\\/\\\/schema.org\",\"@graph\":[{\"@type\":\"WebPage\",\"@id\":\"https:\\\/\\\/euphoria.nl\\\/en\\\/product\\\/rape-huni-kuin-murici\\\/\",\"url\":\"https:\\\/\\\/euphoria.nl\\\/en\\\/product\\\/rape-huni-kuin-murici\\\/\",\"name\":\"Rap\u00e9 Huni Kuin Murici - Euphoria Smartshop\",\"isPartOf\":{\"@id\":\"https:\\\/\\\/euphoria.nl\\\/en\\\/#website\"},\"primaryImageOfPage\":{\"@id\":\"https:\\\/\\\/euphoria.nl\\\/en\\\/product\\\/rape-huni-kuin-murici\\\/#primaryimage\"},\"image\":{\"@id\":\"https:\\\/\\\/euphoria.nl\\\/en\\\/product\\\/rape-huni-kuin-murici\\\/#primaryimage\"},\"thumbnailUrl\":\"https:\\\/\\\/euphoria.nl\\\/wp-content\\\/uploads\\\/26-huni-kuin-murici-rape.jpg\",\"datePublished\":\"2024-02-07T15:55:18+00:00\",\"dateModified\":\"2024-02-07T15:57:00+00:00\",\"breadcrumb\":{\"@id\":\"https:\\\/\\\/euphoria.nl\\\/en\\\/product\\\/rape-huni-kuin-murici\\\/#breadcrumb\"},\"inLanguage\":\"en-US\",\"potentialAction\":[{\"@type\":\"ReadAction\",\"target\":[\"https:\\\/\\\/euphoria.nl\\\/en\\\/product\\\/rape-huni-kuin-murici\\\/\"]}]},{\"@type\":\"ImageObject\",\"inLanguage\":\"en-US\",\"@id\":\"https:\\\/\\\/euphoria.nl\\\/en\\\/product\\\/rape-huni-kuin-murici\\\/#primaryimage\",\"url\":\"https:\\\/\\\/euphoria.nl\\\/wp-content\\\/uploads\\\/26-huni-kuin-murici-rape.jpg\",\"contentUrl\":\"https:\\\/\\\/euphoria.nl\\\/wp-content\\\/uploads\\\/26-huni-kuin-murici-rape.jpg\",\"width\":370,\"height\":370},{\"@type\":\"BreadcrumbList\",\"@id\":\"https:\\\/\\\/euphoria.nl\\\/en\\\/product\\\/rape-huni-kuin-murici\\\/#breadcrumb\",\"itemListElement\":[{\"@type\":\"ListItem\",\"position\":1,\"name\":\"Home\",\"item\":\"https:\\\/\\\/euphoria.nl\\\/en\\\/\"},{\"@type\":\"ListItem\",\"position\":2,\"name\":\"Products\",\"item\":\"https:\\\/\\\/euphoria.nl\\\/en\\\/products\\\/\"},{\"@type\":\"ListItem\",\"position\":3,\"name\":\"Rap\u00e9 Huni Kuin Murici\"}]},{\"@type\":\"WebSite\",\"@id\":\"https:\\\/\\\/euphoria.nl\\\/en\\\/#website\",\"url\":\"https:\\\/\\\/euphoria.nl\\\/en\\\/\",\"name\":\"Euphoria Smartshop\",\"description\":\"Smartshop in Den Haag\",\"publisher\":{\"@id\":\"https:\\\/\\\/euphoria.nl\\\/en\\\/#organization\"},\"potentialAction\":[{\"@type\":\"SearchAction\",\"target\":{\"@type\":\"EntryPoint\",\"urlTemplate\":\"https:\\\/\\\/euphoria.nl\\\/en\\\/?s={search_term_string}\"},\"query-input\":{\"@type\":\"PropertyValueSpecification\",\"valueRequired\":true,\"valueName\":\"search_term_string\"}}],\"inLanguage\":\"en-US\"},{\"@type\":\"Organization\",\"@id\":\"https:\\\/\\\/euphoria.nl\\\/en\\\/#organization\",\"name\":\"Euphoria Smartshop\",\"url\":\"https:\\\/\\\/euphoria.nl\\\/en\\\/\",\"logo\":{\"@type\":\"ImageObject\",\"inLanguage\":\"en-US\",\"@id\":\"https:\\\/\\\/euphoria.nl\\\/en\\\/#\\\/schema\\\/logo\\\/image\\\/\",\"url\":\"\",\"contentUrl\":\"\",\"caption\":\"Euphoria Smartshop\"},\"image\":{\"@id\":\"https:\\\/\\\/euphoria.nl\\\/en\\\/#\\\/schema\\\/logo\\\/image\\\/\"}}]}<\/script>\n<!-- \/ Yoast SEO plugin. -->","yoast_head_json":{"title":"Rap\u00e9 Huni Kuin Murici - Euphoria Smartshop","robots":{"index":"index","follow":"follow","max-snippet":"max-snippet:-1","max-image-preview":"max-image-preview:large","max-video-preview":"max-video-preview:-1"},"canonical":"https:\/\/euphoria.nl\/en\/product\/rape-huni-kuin-murici\/","og_locale":"en_US","og_type":"article","og_title":"Rap\u00e9 Huni Kuin Murici - Euphoria Smartshop","og_description":"This rap\u00e9 helps release negative emotions and energy, gives healing to body and mind, allows you to work purposefully on your personal development.","og_url":"https:\/\/euphoria.nl\/en\/product\/rape-huni-kuin-murici\/","og_site_name":"Euphoria Smartshop","article_modified_time":"2024-02-07T15:57:00+00:00","og_image":[{"width":370,"height":370,"url":"https:\/\/euphoria.nl\/wp-content\/uploads\/26-huni-kuin-murici-rape.jpg","type":"image\/jpeg"}],"twitter_card":"summary_large_image","twitter_misc":{"Est. reading time":"3 minutes"},"schema":{"@context":"https:\/\/schema.org","@graph":[{"@type":"WebPage","@id":"https:\/\/euphoria.nl\/en\/product\/rape-huni-kuin-murici\/","url":"https:\/\/euphoria.nl\/en\/product\/rape-huni-kuin-murici\/","name":"Rap\u00e9 Huni Kuin Murici - Euphoria Smartshop","isPartOf":{"@id":"https:\/\/euphoria.nl\/en\/#website"},"primaryImageOfPage":{"@id":"https:\/\/euphoria.nl\/en\/product\/rape-huni-kuin-murici\/#primaryimage"},"image":{"@id":"https:\/\/euphoria.nl\/en\/product\/rape-huni-kuin-murici\/#primaryimage"},"thumbnailUrl":"https:\/\/euphoria.nl\/wp-content\/uploads\/26-huni-kuin-murici-rape.jpg","datePublished":"2024-02-07T15:55:18+00:00","dateModified":"2024-02-07T15:57:00+00:00","breadcrumb":{"@id":"https:\/\/euphoria.nl\/en\/product\/rape-huni-kuin-murici\/#breadcrumb"},"inLanguage":"en-US","potentialAction":[{"@type":"ReadAction","target":["https:\/\/euphoria.nl\/en\/product\/rape-huni-kuin-murici\/"]}]},{"@type":"ImageObject","inLanguage":"en-US","@id":"https:\/\/euphoria.nl\/en\/product\/rape-huni-kuin-murici\/#primaryimage","url":"https:\/\/euphoria.nl\/wp-content\/uploads\/26-huni-kuin-murici-rape.jpg","contentUrl":"https:\/\/euphoria.nl\/wp-content\/uploads\/26-huni-kuin-murici-rape.jpg","width":370,"height":370},{"@type":"BreadcrumbList","@id":"https:\/\/euphoria.nl\/en\/product\/rape-huni-kuin-murici\/#breadcrumb","itemListElement":[{"@type":"ListItem","position":1,"name":"Home","item":"https:\/\/euphoria.nl\/en\/"},{"@type":"ListItem","position":2,"name":"Products","item":"https:\/\/euphoria.nl\/en\/products\/"},{"@type":"ListItem","position":3,"name":"Rap\u00e9 Huni Kuin Murici"}]},{"@type":"WebSite","@id":"https:\/\/euphoria.nl\/en\/#website","url":"https:\/\/euphoria.nl\/en\/","name":"Euphoria Smartshop","description":"Smartshop in Den Haag","publisher":{"@id":"https:\/\/euphoria.nl\/en\/#organization"},"potentialAction":[{"@type":"SearchAction","target":{"@type":"EntryPoint","urlTemplate":"https:\/\/euphoria.nl\/en\/?s={search_term_string}"},"query-input":{"@type":"PropertyValueSpecification","valueRequired":true,"valueName":"search_term_string"}}],"inLanguage":"en-US"},{"@type":"Organization","@id":"https:\/\/euphoria.nl\/en\/#organization","name":"Euphoria Smartshop","url":"https:\/\/euphoria.nl\/en\/","logo":{"@type":"ImageObject","inLanguage":"en-US","@id":"https:\/\/euphoria.nl\/en\/#\/schema\/logo\/image\/","url":"","contentUrl":"","caption":"Euphoria Smartshop"},"image":{"@id":"https:\/\/euphoria.nl\/en\/#\/schema\/logo\/image\/"}}]}},"_links":{"self":[{"href":"https:\/\/euphoria.nl\/en\/wp-json\/wp\/v2\/product\/3562","targetHints":{"allow":["GET"]}}],"collection":[{"href":"https:\/\/euphoria.nl\/en\/wp-json\/wp\/v2\/product"}],"about":[{"href":"https:\/\/euphoria.nl\/en\/wp-json\/wp\/v2\/types\/product"}],"wp:featuredmedia":[{"embeddable":true,"href":"https:\/\/euphoria.nl\/en\/wp-json\/wp\/v2\/media\/1686"}],"wp:attachment":[{"href":"https:\/\/euphoria.nl\/en\/wp-json\/wp\/v2\/media?parent=3562"}],"wp:term":[{"taxonomy":"product_brand","embeddable":true,"href":"https:\/\/euphoria.nl\/en\/wp-json\/wp\/v2\/product_brand?post=3562"},{"taxonomy":"product_cat","embeddable":true,"href":"https:\/\/euphoria.nl\/en\/wp-json\/wp\/v2\/product_cat?post=3562"},{"taxonomy":"product_tag","embeddable":true,"href":"https:\/\/euphoria.nl\/en\/wp-json\/wp\/v2\/product_tag?post=3562"}],"curies":[{"name":"wp","href":"https:\/\/api.w.org\/{rel}","templated":true}]}}